{"id":1951,"date":"2025-11-03T19:05:22","date_gmt":"2025-11-03T19:05:22","guid":{"rendered":"https:\/\/partners.elreinoinfantil.com\/?page_id=1951"},"modified":"2025-11-03T20:48:28","modified_gmt":"2025-11-03T20:48:28","slug":"aviso-legal","status":"publish","type":"page","link":"https:\/\/partners.elreinoinfantil.com\/en\/aviso-legal\/","title":{"rendered":"Legal Notice"},"content":{"rendered":"<div data-elementor-type=\"wp-page\" data-elementor-id=\"1951\" class=\"elementor elementor-1951\" data-elementor-post-type=\"page\">\n\t\t\t\t<div class=\"elementor-element elementor-element-f025d42 e-flex e-con-boxed e-con e-parent\" data-id=\"f025d42\" data-element_type=\"container\" data-settings=\"{&quot;jet_parallax_layout_list&quot;:[]}\">\n\t\t\t\t\t<div class=\"e-con-inner\">\n\t\t\t\t<div class=\"elementor-element elementor-element-b10a62a elementor-widget elementor-widget-heading\" data-id=\"b10a62a\" data-element_type=\"widget\" data-widget_type=\"heading.default\">\n\t\t\t\t<div class=\"elementor-widget-container\">\n\t\t\t\t\t<h2 class=\"elementor-heading-title elementor-size-default\">TERMS AND CONDITIONS \u2013 EL REINO INFANTIL PARTNERS PORTAL<\/h2>\t\t\t\t<\/div>\n\t\t\t\t<\/div>\n\t\t\t\t<div class=\"elementor-element elementor-element-754487c elementor-widget elementor-widget-text-editor\" data-id=\"754487c\" data-element_type=\"widget\" data-widget_type=\"text-editor.default\">\n\t\t\t\t<div class=\"elementor-widget-container\">\n\t\t\t\t\t\t\t\t\t<p><span style=\"font-weight: 400;\">En el presente documento se describen los T\u00e9rminos y Condiciones aplicables al acceso y la utilizaci\u00f3n del Sitio de Internet PARTNERS DEL REINO INFANTIL &#8220;<\/span> <span style=\"font-weight: 400;\">This document describes the Terms and Conditions applicable to the access and use of the Internet site PARTNERS OF EL REINO INFANTIL (\u201chttps:\/\/partners.elreinoinfantil.com\/\u201d) (hereinafter, the \u201cWebsite\u201d), owned by LEADER ENTERTAINMENT S.A., with registered office at San Jos\u00e9 1277, City of Buenos Aires, Argentine Republic (hereinafter referred to as \u201cLEADER ENTERTAINMENT\u201d).<\/span><\/p><p><span style=\"font-weight: 400;\">This Website is intended exclusively to provide institutional, commercial, and contact information to partners, distributors, licensees, and other current or potential commercial allies of LEADER ENTERTAINMENT.\u00a0<\/span><\/p><p><span style=\"font-weight: 400;\">In addition to these general Terms and Conditions applicable to the entire Website, each specific service or content may include, where applicable, its own specific terms and conditions, which users must comply with when using such services or accessing such content. These documents may complement, modify, or partially replace the provisions herein, and in such cases the specific terms shall prevail.<\/span><\/p><p><span style=\"font-weight: 400;\">To access certain services available on the Website, user information may be required. Prior to providing any personal data, users must read and understand the provisions regarding the processing of personal data by LEADER ENTERTAINMENT, as set forth in the Privacy Policy.<\/span><\/p><ol start=\"2\"><li><b> <\/b><b>ACCEPTANCE BY VISITORS\u00a0<\/b><\/li><\/ol><p><span style=\"font-weight: 400;\">As administrator of the Website, LEADER ENTERTAINMENT requires each visitor to accept and comply with these Terms and Conditions as a mandatory prerequisite for accessing, remaining on, and using the Website.\u00a0<\/span><\/p><p><span style=\"font-weight: 400;\">Accordingly, any person who wishes to access and\/or use the Website may do so only subject to the provisions herein and to the applicable national and local laws and regulations.<\/span><\/p><p><span style=\"font-weight: 400;\">Any visitor who does not accept, disagrees with, or fails to comply with these Terms and Conditions and\/or the Privacy Policy shall not be authorized to access or use the Website and must immediately cease navigation and refrain from re-entering or using the Website in any form.<\/span><\/p><p><span style=\"font-weight: 400;\">If, after entering the Website, a visitor remains on it beyond the time reasonably necessary to read these Terms and Conditions, makes use of any service, or leaves and later re-enters in another session, such visitor shall be deemed to have given positive consent to and accepted the content of this document in its entirety, undertaking the obligation to comply with its provisions.\u00a0<\/span><\/p><ol start=\"3\"><li><b> THE WEBSITE<\/b><\/li><\/ol><p><span style=\"font-weight: 400;\">The purpose of the Website is to provide institutional and commercial information intended for partners, distributors, licensees, and other current or potential commercial allies of LEADER ENTERTAINMENT, in connection with its products, services, and content.<\/span><\/p><p><span style=\"font-weight: 400;\">Through the Website, Users may, among other activities:<\/span><\/p><p><span style=\"font-weight: 400;\">a) Access general information about the brands, products, and services of LEADER ENTERTAINMENT;<\/span><\/p><p><span style=\"font-weight: 400;\">b) Learn about available partnership or commercial collaboration programs;<\/span><\/p><p><span style=\"font-weight: 400;\">c) View promotional materials, catalogs, or informational demos, as applicable in each case;<\/span><\/p><p><span style=\"font-weight: 400;\">d) Submit inquiries or contact requests through the available forms; and<\/span><\/p><p><span style=\"font-weight: 400;\">e) Request additional information regarding business or collaboration opportunities.<\/span><\/p><p><span style=\"font-weight: 400;\">Access to and use of the Website and the information contained therein shall not, under any circumstances, imply the existence of any contractual, corporate, agency, or representation relationship between the User and LEADER ENTERTAINMENT, nor shall it constitute an offer or unilateral promise of any kind.<\/span><\/p><ol start=\"4\"><li><b> WEBSITE AVAILABILITY<\/b><\/li><\/ol><p><span style=\"font-weight: 400;\">LEADER ENTERTAINMENT makes every reasonable effort to maintain and improve the quality of its services; however, it does not guarantee the continuous and uninterrupted availability of the Website\u2019s services. The IT systems upon which the Website depends may occasionally be unavailable due to technical difficulties, connectivity failures, or other circumstances beyond LEADER ENTERTAINMENT\u2019s control. Likewise, the Website may be temporarily offline due to maintenance or updates.<\/span><\/p><ol start=\"5\"><li><b> USER OBLIGATIONS<\/b><\/li><\/ol><p><span style=\"font-weight: 400;\">The User agrees to use the Website and its contents in accordance with applicable law, these Terms and Conditions, the Privacy Policy, and any specific terms and conditions of individual services, where applicable. The User undertakes to refrain from using the Website and its contents for unlawful purposes or effects, contrary to these Terms and Conditions, or in ways that may harm the rights or interests of third parties.<\/span><\/p><ol start=\"6\"><li><b> <\/b><b>DISCLAIMER OF LIABILITY\u00a0<\/b><\/li><\/ol><p><span style=\"font-weight: 400;\">LEADER ENTERTAINMENT shall not be liable for any damages or losses that may affect the User\u2019s person or property arising from the use of the Website, nor for other damages caused by force majeure or unforeseeable circumstances.<\/span><\/p><p><span style=\"font-weight: 400;\">The User acknowledges that LEADER ENTERTAINMENT shall not be liable for indirect damages, loss of profits, or any other harm suffered by the User or third parties due to the lack of provision or malfunction of the Website\u2019s services for any reason beyond LEADER ENTERTAINMENT\u2019s control.<\/span><\/p><p><span style=\"font-weight: 400;\">LEADER ENTERTAINMENT S.A. shall not be liable for:<\/span><\/p><p><span style=\"font-weight: 400;\">a) any damages that the User may suffer arising from inherent Internet risks, including but not limited to interactions between the Website and the User\u2019s devices, or the alteration by third parties of information transmitted through the Website or stored on the devices of the User or LEADER ENTERTAINMENT S.A.; or<\/span><\/p><p><span style=\"font-weight: 400;\">b) the alteration, loss, or theft of data transmitted through public communication networks.<\/span><\/p><p><span style=\"font-weight: 400;\">LEADER ENTERTAINMENT excludes all liability for damages of any kind that may result from the unavailability or discontinuity of the Website\u2019s operation or from any disappointment of expectations the Users may have placed in it.<\/span><\/p><p><span style=\"font-weight: 400;\">LEADER ENTERTAINMENT shall not be responsible for cyberattacks or other actions by third parties, or for any circumstances arising from or related to such attacks, whether directly or indirectly.\u00a0<\/span><\/p><ol start=\"7\"><li><b> PRIVACY POLICY<\/b><\/li><\/ol><p><span style=\"font-weight: 400;\">See Privacy Policy.<\/span><\/p><ol start=\"8\"><li><b> INTELLECTUAL PROPERTY<\/b><\/li><\/ol><p><span style=\"font-weight: 400;\">The contents, products, and services available on the Website, as well as information, trademarks, trade names, designations, data, texts, graphics, images, designs, photographs, audio, videos, logos, icons, software, databases, and files, are the property of LEADER ENTERTAINMENT and are protected by applicable laws and international treaties on copyright, trademarks, patents, and industrial designs (Paris Union, Berne Convention, WIPO Copyright Treaty, TRIPS Agreement, among others).<\/span><\/p><p><span style=\"font-weight: 400;\">Any improper use or total or partial reproduction of said contents is prohibited, except with the express prior written authorization of LEADER ENTERTAINMENT.<\/span><\/p><p><span style=\"font-weight: 400;\">The use of the Website shall not, under any circumstances, be construed as a license or authorization to use LEADER ENTERTAINMENT\u2019s or any third party\u2019s intellectual property rights. LEADER ENTERTAINMENT reserves all rights over such material and does not assign or transfer to Users any rights over its or third parties\u2019 intellectual property. Users are only authorized to use materials owned by LEADER ENTERTAINMENT when such use is specifically allowed on the Website.<\/span><\/p><ol start=\"9\"><li><b> CLAIMS REGARDING CONTENT<\/b><\/li><\/ol><p><span style=\"font-weight: 400;\">If any User or person with a legitimate interest believes that there are facts or circumstances indicating the unlawful use of any content and\/or the performance of any activity on the Website, particularly a violation of intellectual or industrial property rights (patents, industrial models or designs, trademarks, trade names, etc.) or other rights, they must send a written notice to LEADER ENTERTAINMENT containing the following information:<\/span><\/p><p><span style=\"font-weight: 400;\"> a) Personal data: name, address, telephone number, and e-mail address of the claimant;<\/span><\/p><p><span style=\"font-weight: 400;\">b) Specification of the alleged unlawful activity carried out on the Website and, in particular, when referring to an alleged rights violation, precise and concrete identification of the protected contents and their location;<\/span><\/p><p><span style=\"font-weight: 400;\">c) Facts or circumstances indicating the unlawful nature of the activity;<\/span><\/p><p><span style=\"font-weight: 400;\">d) In case of a rights violation, personal data of the rights holder or of the person authorized to act on their behalf; and<\/span><\/p><p><span style=\"font-weight: 400;\">e) An express and clear statement, under the claimant\u2019s responsibility, declaring that the information provided is accurate and that the use of the contents or the activity described is unlawful.<\/span><\/p><ol start=\"10\"><li><b> CONTACT INFORMATION<\/b><\/li><\/ol><p><span style=\"font-weight: 400;\">For communications with LEADER ENTERTAINMENT, users may contact: info@leaderent.com\u00a0<\/span><\/p><p><span style=\"font-weight: 400;\">Notices and communications sent by LEADER ENTERTAINMENT to the postal or e-mail address provided directly by the User, or to the address appearing as the sender\u2019s contact, shall be deemed effective and fully valid. Likewise, communications consisting of notices or messages posted on the Website or sent during the provision of a service to inform Users about specific circumstances shall also be deemed effective.\u00a0\u00a0\u00a0\u00a0<\/span><\/p><ol start=\"11\"><li><b> <\/b><b>LINKS OR HYPERLINKS TO OR FROM THE WEBSITE<\/b><\/li><\/ol><p><span style=\"font-weight: 400;\">11.1 To or from the Website<\/span><\/p><p><span style=\"font-weight: 400;\">The establishment of any \u201chyperlink\u201d or link between a web page external to \u201chttp:\/\/www.leaderentertainment.com\u201d\n and any page of the Website may only be made with the express authorization of LEADER ENTERTAINMENT.<\/span><\/p><p><span style=\"font-weight: 400;\">Under no circumstances shall LEADER ENTERTAINMENT be responsible for the contents or statements appearing on web pages from which hyperlinks to the Website are established. The existence of a hyperlink between a third-party web page and the Website does not imply that LEADER ENTERTAINMENT is aware of such link or that it maintains any relationship with the owners of such external websites.<\/span><\/p><p><span style=\"font-weight: 400;\">LEADER ENTERTAINMENT reserves the right to request the removal or deletion of any link from an external website at any time, without cause or prior notice. The owner of the external website shall have 48 hours from LEADER ENTERTAINMENT\u2019s request to proceed with such removal.\u00a0<\/span><\/p><p><span style=\"font-weight: 400;\">11.2 From the Website<\/span><\/p><p><span style=\"font-weight: 400;\">The hyperlinks or links available on the Website connecting to third-party websites are intended to improve the User\u2019s browsing experience by providing tools, content, and services offered by parties other than LEADER ENTERTAINMENT.<\/span><\/p><p><span style=\"font-weight: 400;\">LEADER ENTERTAINMENT does not control, endorse, or guarantee the security, quality, legality, accuracy, or suitability of the services and content offered by third parties through or outside the Website and shall not be liable for damages suffered by Users who purchase products or use services from such third parties.<\/span><\/p><p><span style=\"font-weight: 400;\">Access to and use of third-party websites linked from the Website shall be the sole responsibility of the User, who must take all necessary precautions according to the type of service, content, or product accessed.<\/span><\/p><p><span style=\"font-weight: 400;\">Users who consider any linked page to be inappropriate may submit a complaint or suggestion through the contact mechanism provided by LEADER ENTERTAINMENT.<\/span><\/p><ol start=\"12\"><li><b> CHANGES AND MODIFICATIONS<\/b><\/li><\/ol><p><span style=\"font-weight: 400;\">LEADER ENTERTAINMENT may, at its sole discretion, introduce any changes or modifications it deems appropriate to these Terms and Conditions at any time and without prior notice, by simply publishing the modified terms on the Website. All modified terms shall become effective the day following their publication.\nWithin three (3) days of the publication of such modifications, the User must communicate any rejection by e-mail; in such case, the relationship shall be terminated, and the User shall be deactivated. After this period, the User shall be deemed to have accepted the new terms.<\/span><\/p>\t\t\t\t\t\t\t\t<\/div>\n\t\t\t\t<\/div>\n\t\t\t\t\t<\/div>\n\t\t\t\t<\/div>\n\t\t\t\t<\/div>","protected":false},"excerpt":{"rendered":"<p>T\u00c9RMINOS Y CONDICIONES DEL PORTAL PARA PARTNERS DEL REINO INFANTIL En el presente documento se describen los T\u00e9rminos y Condiciones aplicables al acceso y la utilizaci\u00f3n del Sitio de Internet PARTNERS DEL REINO INFANTIL &#8221; https:\/\/partners.elreinoinfantil.com\/&#8221; (en adelante el &#8220;Sitio&#8221;) perteneciente a LEADER ENTERTAINMENT S.A., con domicilio en la calle San Jos\u00e9 N\u00b01277, de la [&hellip;]<\/p>","protected":false},"author":1,"featured_media":0,"parent":0,"menu_order":0,"comment_status":"closed","ping_status":"closed","template":"elementor_header_footer","meta":{"footnotes":""},"class_list":["post-1951","page","type-page","status-publish","hentry"],"yoast_head":"<!-- This site is optimized with the Yoast SEO plugin v26.5 - https:\/\/yoast.com\/wordpress\/plugins\/seo\/ -->\n<title>Aviso Legal - El Reino Infantil<\/title>\n<meta name=\"robots\" content=\"index, follow, max-snippet:-1, max-image-preview:large, max-video-preview:-1\" \/>\n<link rel=\"canonical\" href=\"https:\/\/partners.elreinoinfantil.com\/en\/aviso-legal\/\" \/>\n<meta property=\"og:locale\" content=\"en_US\" \/>\n<meta property=\"og:type\" content=\"article\" \/>\n<meta property=\"og:title\" content=\"Aviso Legal - El Reino Infantil\" \/>\n<meta property=\"og:description\" content=\"T\u00c9RMINOS Y CONDICIONES DEL PORTAL PARA PARTNERS DEL REINO INFANTIL En el presente documento se describen los T\u00e9rminos y Condiciones aplicables al acceso y la utilizaci\u00f3n del Sitio de Internet PARTNERS DEL REINO INFANTIL &#8221; https:\/\/partners.elreinoinfantil.com\/&#8221; (en adelante el &#8220;Sitio&#8221;) perteneciente a LEADER ENTERTAINMENT S.A., con domicilio en la calle San Jos\u00e9 N\u00b01277, de la [&hellip;]\" \/>\n<meta property=\"og:url\" content=\"https:\/\/partners.elreinoinfantil.com\/en\/aviso-legal\/\" \/>\n<meta property=\"og:site_name\" content=\"El Reino Infantil\" \/>\n<meta property=\"article:modified_time\" content=\"2025-11-03T20:48:28+00:00\" \/>\n<meta name=\"twitter:card\" content=\"summary_large_image\" \/>\n<meta name=\"twitter:label1\" content=\"Est. reading time\" \/>\n\t<meta name=\"twitter:data1\" content=\"11 minutes\" \/>\n<script type=\"application\/ld+json\" class=\"yoast-schema-graph\">{\"@context\":\"https:\/\/schema.org\",\"@graph\":[{\"@type\":\"WebPage\",\"@id\":\"https:\/\/partners.elreinoinfantil.com\/aviso-legal\/\",\"url\":\"https:\/\/partners.elreinoinfantil.com\/aviso-legal\/\",\"name\":\"Aviso Legal - El Reino Infantil\",\"isPartOf\":{\"@id\":\"https:\/\/partners.elreinoinfantil.com\/#website\"},\"datePublished\":\"2025-11-03T19:05:22+00:00\",\"dateModified\":\"2025-11-03T20:48:28+00:00\",\"breadcrumb\":{\"@id\":\"https:\/\/partners.elreinoinfantil.com\/aviso-legal\/#breadcrumb\"},\"inLanguage\":\"en-US\",\"potentialAction\":[{\"@type\":\"ReadAction\",\"target\":[\"https:\/\/partners.elreinoinfantil.com\/aviso-legal\/\"]}]},{\"@type\":\"BreadcrumbList\",\"@id\":\"https:\/\/partners.elreinoinfantil.com\/aviso-legal\/#breadcrumb\",\"itemListElement\":[{\"@type\":\"ListItem\",\"position\":1,\"name\":\"Inicio\",\"item\":\"https:\/\/partners.elreinoinfantil.com\/\"},{\"@type\":\"ListItem\",\"position\":2,\"name\":\"Aviso Legal\"}]},{\"@type\":\"WebSite\",\"@id\":\"https:\/\/partners.elreinoinfantil.com\/#website\",\"url\":\"https:\/\/partners.elreinoinfantil.com\/\",\"name\":\"El Reino Infantil\",\"description\":\"Conexi\u00f3n 360 para marcas a nivel global\",\"publisher\":{\"@id\":\"https:\/\/partners.elreinoinfantil.com\/#organization\"},\"potentialAction\":[{\"@type\":\"SearchAction\",\"target\":{\"@type\":\"EntryPoint\",\"urlTemplate\":\"https:\/\/partners.elreinoinfantil.com\/?s={search_term_string}\"},\"query-input\":{\"@type\":\"PropertyValueSpecification\",\"valueRequired\":true,\"valueName\":\"search_term_string\"}}],\"inLanguage\":\"en-US\"},{\"@type\":\"Organization\",\"@id\":\"https:\/\/partners.elreinoinfantil.com\/#organization\",\"name\":\"El Reino Infantil\",\"url\":\"https:\/\/partners.elreinoinfantil.com\/\",\"logo\":{\"@type\":\"ImageObject\",\"inLanguage\":\"en-US\",\"@id\":\"https:\/\/partners.elreinoinfantil.com\/#\/schema\/logo\/image\/\",\"url\":\"https:\/\/partners.elreinoinfantil.com\/wp-content\/uploads\/2025\/06\/Logo-ERI-blanco-e1750768064312.png\",\"contentUrl\":\"https:\/\/partners.elreinoinfantil.com\/wp-content\/uploads\/2025\/06\/Logo-ERI-blanco-e1750768064312.png\",\"width\":1000,\"height\":604,\"caption\":\"El Reino Infantil\"},\"image\":{\"@id\":\"https:\/\/partners.elreinoinfantil.com\/#\/schema\/logo\/image\/\"}}]}<\/script>\n<!-- \/ Yoast SEO plugin. -->","yoast_head_json":{"title":"Aviso Legal - El Reino Infantil","robots":{"index":"index","follow":"follow","max-snippet":"max-snippet:-1","max-image-preview":"max-image-preview:large","max-video-preview":"max-video-preview:-1"},"canonical":"https:\/\/partners.elreinoinfantil.com\/en\/aviso-legal\/","og_locale":"en_US","og_type":"article","og_title":"Aviso Legal - El Reino Infantil","og_description":"T\u00c9RMINOS Y CONDICIONES DEL PORTAL PARA PARTNERS DEL REINO INFANTIL En el presente documento se describen los T\u00e9rminos y Condiciones aplicables al acceso y la utilizaci\u00f3n del Sitio de Internet PARTNERS DEL REINO INFANTIL &#8221; https:\/\/partners.elreinoinfantil.com\/&#8221; (en adelante el &#8220;Sitio&#8221;) perteneciente a LEADER ENTERTAINMENT S.A., con domicilio en la calle San Jos\u00e9 N\u00b01277, de la [&hellip;]","og_url":"https:\/\/partners.elreinoinfantil.com\/en\/aviso-legal\/","og_site_name":"El Reino Infantil","article_modified_time":"2025-11-03T20:48:28+00:00","twitter_card":"summary_large_image","twitter_misc":{"Est. reading time":"11 minutes"},"schema":{"@context":"https:\/\/schema.org","@graph":[{"@type":"WebPage","@id":"https:\/\/partners.elreinoinfantil.com\/aviso-legal\/","url":"https:\/\/partners.elreinoinfantil.com\/aviso-legal\/","name":"Aviso Legal - El Reino Infantil","isPartOf":{"@id":"https:\/\/partners.elreinoinfantil.com\/#website"},"datePublished":"2025-11-03T19:05:22+00:00","dateModified":"2025-11-03T20:48:28+00:00","breadcrumb":{"@id":"https:\/\/partners.elreinoinfantil.com\/aviso-legal\/#breadcrumb"},"inLanguage":"en-US","potentialAction":[{"@type":"ReadAction","target":["https:\/\/partners.elreinoinfantil.com\/aviso-legal\/"]}]},{"@type":"BreadcrumbList","@id":"https:\/\/partners.elreinoinfantil.com\/aviso-legal\/#breadcrumb","itemListElement":[{"@type":"ListItem","position":1,"name":"Inicio","item":"https:\/\/partners.elreinoinfantil.com\/"},{"@type":"ListItem","position":2,"name":"Aviso Legal"}]},{"@type":"WebSite","@id":"https:\/\/partners.elreinoinfantil.com\/#website","url":"https:\/\/partners.elreinoinfantil.com\/","name":"El Reino Infantil","description":"Conexi\u00f3n 360 para marcas a nivel global","publisher":{"@id":"https:\/\/partners.elreinoinfantil.com\/#organization"},"potentialAction":[{"@type":"SearchAction","target":{"@type":"EntryPoint","urlTemplate":"https:\/\/partners.elreinoinfantil.com\/?s={search_term_string}"},"query-input":{"@type":"PropertyValueSpecification","valueRequired":true,"valueName":"search_term_string"}}],"inLanguage":"en-US"},{"@type":"Organization","@id":"https:\/\/partners.elreinoinfantil.com\/#organization","name":"El Reino Infantil","url":"https:\/\/partners.elreinoinfantil.com\/","logo":{"@type":"ImageObject","inLanguage":"en-US","@id":"https:\/\/partners.elreinoinfantil.com\/#\/schema\/logo\/image\/","url":"https:\/\/partners.elreinoinfantil.com\/wp-content\/uploads\/2025\/06\/Logo-ERI-blanco-e1750768064312.png","contentUrl":"https:\/\/partners.elreinoinfantil.com\/wp-content\/uploads\/2025\/06\/Logo-ERI-blanco-e1750768064312.png","width":1000,"height":604,"caption":"El Reino Infantil"},"image":{"@id":"https:\/\/partners.elreinoinfantil.com\/#\/schema\/logo\/image\/"}}]}},"_links":{"self":[{"href":"https:\/\/partners.elreinoinfantil.com\/en\/wp-json\/wp\/v2\/pages\/1951","targetHints":{"allow":["GET"]}}],"collection":[{"href":"https:\/\/partners.elreinoinfantil.com\/en\/wp-json\/wp\/v2\/pages"}],"about":[{"href":"https:\/\/partners.elreinoinfantil.com\/en\/wp-json\/wp\/v2\/types\/page"}],"author":[{"embeddable":true,"href":"https:\/\/partners.elreinoinfantil.com\/en\/wp-json\/wp\/v2\/users\/1"}],"replies":[{"embeddable":true,"href":"https:\/\/partners.elreinoinfantil.com\/en\/wp-json\/wp\/v2\/comments?post=1951"}],"version-history":[{"count":22,"href":"https:\/\/partners.elreinoinfantil.com\/en\/wp-json\/wp\/v2\/pages\/1951\/revisions"}],"predecessor-version":[{"id":1974,"href":"https:\/\/partners.elreinoinfantil.com\/en\/wp-json\/wp\/v2\/pages\/1951\/revisions\/1974"}],"wp:attachment":[{"href":"https:\/\/partners.elreinoinfantil.com\/en\/wp-json\/wp\/v2\/media?parent=1951"}],"curies":[{"name":"wp","href":"https:\/\/api.w.org\/{rel}","templated":true}]}}